{"id":35,"date":"2016-09-20T03:27:00","date_gmt":"2016-09-20T03:27:00","guid":{"rendered":"http:\/\/apartmaji-umag.eu\/?page_id=35"},"modified":"2017-01-23T16:09:07","modified_gmt":"2017-01-23T16:09:07","slug":"o-nas","status":"publish","type":"page","link":"https:\/\/apartmaji-umag.eu\/it\/o-nas\/","title":{"rendered":"Chi siamo"},"content":{"rendered":"<h2>Chi siamo<\/h2>\n<p>Offriamo alloggio in croata nei dintorni della citt\u00e0 di Umago. Gli appartamenti sono situati nel centro di Umago e nelle zone circostanti, nelle immediate vicinanze del mare cristallino e spiagge bellissime. Umago \u00e8 il primo posto all&#8217;ingresso dell&#8217;Istria dal lato nord. Si \u00e8 sviluppato in un famoso centro turistico con un focus sugli sport. E &#8216;particolarmente noto per la sua tennis e torneo ATP. L&#8217;Trieste aeroporto pi\u00f9 vicino si trova a 40 km e 67 km da aeroporto di Pola. La capitale slovena Lubiana si trova a 150 km di distanza.<\/p>\n<p>Tutti gli appartamenti offrono una sistemazione confortevole e di qualit\u00e0.<\/p>\n<h3>Circa la societ\u00e0<\/h3>\n<p>RELAX UGOSTITELJSTVO I TURIZAM j.d.o.o.<br \/>\njednostavno dru\u0161tvo s ograni\u010denom odgovorno\u0161\u0107u za ugostiteljstvo i turisti\u010dka agencija<\/p>\n<p>Tibje 12, 52470 Umag,<br \/>\nCroazia<\/p>\n<p>Direttore: Zehra Ali\u0161i\u010d<\/p>\n<p><strong>Telefono:<br \/>\n<\/strong><strong>(CRO) +385 98 13 62 300<br \/>\n(SLO) +386 41 417 059<br \/>\nEmail: <a href=\"mailto:apartmaji.umag3@gmail.com\">apartmaji.umag3@gmail.com<\/a><br \/>\n<\/strong><\/p>\n<p><span id=\"result_box\" class=\"short_text\" lang=\"en\"><span class=\"\">Conto bancario<\/span><\/span>:<br \/>\nIBAN: HR3423600001102538133<br \/>\nSWIFT: ZABAHR2X<br \/>\n(Zagreba\u010dka Banka d.d.)<\/p>\n<p>Mati\u010dni broj: 04528913<br \/>\nMBS: 130056129<br \/>\nOIB: 08842270794<\/p>\n<p>&nbsp;<\/p>\n","protected":false},"excerpt":{"rendered":"<p>Chi siamo Offriamo alloggio in croata nei dintorni della citt\u00e0 di Umago. Gli appartamenti sono situati nel centro di Umago e nelle zone circostanti, nelle immediate vicinanze del mare cristallino e spiagge bellissime. Umago \u00e8 il primo posto all&#8217;ingresso dell&#8217;Istria dal lato nord. Si \u00e8 sviluppato in un famoso centro turistico con un focus sugli [&hellip;]<\/p>\n","protected":false},"author":1,"featured_media":0,"parent":0,"menu_order":0,"comment_status":"closed","ping_status":"closed","template":"","meta":{"footnotes":""},"class_list":["post-35","page","type-page","status-publish","hentry"],"translation":{"provider":"WPGlobus","version":"2.8.11","language":"it","enabled_languages":["si","gb","hr","it","de"],"languages":{"si":{"title":true,"content":true,"excerpt":false},"gb":{"title":true,"content":true,"excerpt":false},"hr":{"title":true,"content":true,"excerpt":false},"it":{"title":true,"content":true,"excerpt":false},"de":{"title":true,"content":true,"excerpt":false}}},"_links":{"self":[{"href":"https:\/\/apartmaji-umag.eu\/it\/wp-json\/wp\/v2\/pages\/35","targetHints":{"allow":["GET"]}}],"collection":[{"href":"https:\/\/apartmaji-umag.eu\/it\/wp-json\/wp\/v2\/pages"}],"about":[{"href":"https:\/\/apartmaji-umag.eu\/it\/wp-json\/wp\/v2\/types\/page"}],"author":[{"embeddable":true,"href":"https:\/\/apartmaji-umag.eu\/it\/wp-json\/wp\/v2\/users\/1"}],"replies":[{"embeddable":true,"href":"https:\/\/apartmaji-umag.eu\/it\/wp-json\/wp\/v2\/comments?post=35"}],"version-history":[{"count":50,"href":"https:\/\/apartmaji-umag.eu\/it\/wp-json\/wp\/v2\/pages\/35\/revisions"}],"predecessor-version":[{"id":552,"href":"https:\/\/apartmaji-umag.eu\/it\/wp-json\/wp\/v2\/pages\/35\/revisions\/552"}],"wp:attachment":[{"href":"https:\/\/apartmaji-umag.eu\/it\/wp-json\/wp\/v2\/media?parent=35"}],"curies":[{"name":"wp","href":"https:\/\/api.w.org\/{rel}","templated":true}]}}